{"id":3545,"date":"2026-02-04T15:01:13","date_gmt":"2026-02-04T15:01:13","guid":{"rendered":"https:\/\/pierre-antonin.com\/produit\/sweat-resistant-naturel\/"},"modified":"2026-02-04T15:01:13","modified_gmt":"2026-02-04T15:01:13","slug":"sweat-resistant-naturel","status":"publish","type":"product","link":"https:\/\/pierre-antonin.com\/ko\/produit\/sweat-resistant-naturel\/","title":{"rendered":"Sweat R\u00e9sistant &#038; Naturel"},"content":{"rendered":"<p data-start=\"265\" data-end=\"554\">Chez <strong data-start=\"270\" data-end=\"290\">Pierre &amp; Antonin<\/strong>, on d\u00e9fend depuis le d\u00e9but une autre mani\u00e8re de faire du vin : des <strong data-start=\"358\" data-end=\"380\">c\u00e9pages r\u00e9sistants<\/strong>, du <strong data-start=\"385\" data-end=\"392\">bio<\/strong>, du <strong data-start=\"397\" data-end=\"408\">naturel<\/strong>, et du bon sens.<br data-start=\"425\" data-end=\"428\" \/>Ce sweat <strong data-start=\"437\" data-end=\"460\">R\u00e9sistant &amp; Naturel<\/strong>, imagin\u00e9 en collaboration avec la marque <strong data-start=\"502\" data-end=\"508\">64<\/strong>, est la traduction textile de cet engagement !<\/p>\n<p data-start=\"556\" data-end=\"778\">\n","protected":false},"excerpt":{"rendered":"<p>Chez Pierre &amp; Antonin, on d\u00e9fend depuis le d\u00e9but une autre mani\u00e8re de faire du vin : des c\u00e9pages r\u00e9sistants, du bio, du naturel, et du bon sens.Ce sweat R\u00e9sistant &amp; Naturel, imagin\u00e9 en collaboration avec la marque 64, est la traduction textile de cet engagement !<\/p>\n","protected":false},"featured_media":3421,"template":"","meta":{"_acf_changed":false},"product_brand":[],"product_cat":[39],"product_tag":[],"class_list":{"0":"post-3545","1":"product","2":"type-product","3":"status-publish","4":"has-post-thumbnail","6":"product_cat-goodies","7":"product_shipping_class-goodies","9":"first","10":"instock","11":"purchasable","12":"product-type-variable"},"acf":[],"yoast_head":"<!-- This site is optimized with the Yoast SEO plugin v27.2 - https:\/\/yoast.com\/product\/yoast-seo-wordpress\/ -->\n<title>Sweat R\u00e9sistant &amp; Naturel - Pierre &amp; Antonin<\/title>\n<meta name=\"robots\" content=\"index, follow, max-snippet:-1, max-image-preview:large, max-video-preview:-1\" \/>\n<link rel=\"canonical\" href=\"https:\/\/pierre-antonin.com\/ko\/produit\/sweat-resistant-naturel\/\" \/>\n<meta property=\"og:locale\" content=\"ko_KR\" \/>\n<meta property=\"og:type\" content=\"article\" \/>\n<meta property=\"og:title\" content=\"Sweat R\u00e9sistant &amp; Naturel - Pierre &amp; Antonin\" \/>\n<meta property=\"og:description\" content=\"Chez Pierre &amp; Antonin, on d\u00e9fend depuis le d\u00e9but une autre mani\u00e8re de faire du vin : des c\u00e9pages r\u00e9sistants, du bio, du naturel, et du bon sens.Ce sweat R\u00e9sistant &amp; Naturel, imagin\u00e9 en collaboration avec la marque 64, est la traduction textile de cet engagement !\" \/>\n<meta property=\"og:url\" content=\"https:\/\/pierre-antonin.com\/ko\/produit\/sweat-resistant-naturel\/\" \/>\n<meta property=\"og:site_name\" content=\"Pierre &amp; Antonin\" \/>\n<meta name=\"twitter:card\" content=\"summary_large_image\" \/>\n<script type=\"application\/ld+json\" class=\"yoast-schema-graph\">{\"@context\":\"https:\/\/schema.org\",\"@graph\":[{\"@type\":\"WebPage\",\"@id\":\"https:\/\/pierre-antonin.com\/ko\/produit\/sweat-resistant-naturel\/\",\"url\":\"https:\/\/pierre-antonin.com\/ko\/produit\/sweat-resistant-naturel\/\",\"name\":\"Sweat R\u00e9sistant & Naturel - Pierre &amp; Antonin\",\"isPartOf\":{\"@id\":\"https:\/\/pierre-antonin.com\/ko\/#website\"},\"primaryImageOfPage\":{\"@id\":\"https:\/\/pierre-antonin.com\/ko\/produit\/sweat-resistant-naturel\/#primaryimage\"},\"image\":{\"@id\":\"https:\/\/pierre-antonin.com\/ko\/produit\/sweat-resistant-naturel\/#primaryimage\"},\"thumbnailUrl\":\"https:\/\/pierre-antonin.com\/wp-content\/uploads\/2026\/01\/Boutique-Pierre-Antonin-images-produit-1.png\",\"datePublished\":\"2026-02-04T15:01:13+00:00\",\"breadcrumb\":{\"@id\":\"https:\/\/pierre-antonin.com\/ko\/produit\/sweat-resistant-naturel\/#breadcrumb\"},\"inLanguage\":\"ko-KR\",\"potentialAction\":[{\"@type\":\"ReadAction\",\"target\":[\"https:\/\/pierre-antonin.com\/ko\/produit\/sweat-resistant-naturel\/\"]}]},{\"@type\":\"ImageObject\",\"inLanguage\":\"ko-KR\",\"@id\":\"https:\/\/pierre-antonin.com\/ko\/produit\/sweat-resistant-naturel\/#primaryimage\",\"url\":\"https:\/\/pierre-antonin.com\/wp-content\/uploads\/2026\/01\/Boutique-Pierre-Antonin-images-produit-1.png\",\"contentUrl\":\"https:\/\/pierre-antonin.com\/wp-content\/uploads\/2026\/01\/Boutique-Pierre-Antonin-images-produit-1.png\",\"width\":1500,\"height\":1500},{\"@type\":\"BreadcrumbList\",\"@id\":\"https:\/\/pierre-antonin.com\/ko\/produit\/sweat-resistant-naturel\/#breadcrumb\",\"itemListElement\":[{\"@type\":\"ListItem\",\"position\":1,\"name\":\"\ud648\",\"item\":\"https:\/\/pierre-antonin.com\/ko\/%ed%99%88\/\"},{\"@type\":\"ListItem\",\"position\":2,\"name\":\"\uc1fc\ud551\",\"item\":\"https:\/\/pierre-antonin.com\/boutique\/\"},{\"@type\":\"ListItem\",\"position\":3,\"name\":\"Sweat R\u00e9sistant &#038; Naturel\"}]},{\"@type\":\"WebSite\",\"@id\":\"https:\/\/pierre-antonin.com\/ko\/#website\",\"url\":\"https:\/\/pierre-antonin.com\/ko\/\",\"name\":\"Pierre & Antonin\",\"description\":\"\",\"potentialAction\":[{\"@type\":\"SearchAction\",\"target\":{\"@type\":\"EntryPoint\",\"urlTemplate\":\"https:\/\/pierre-antonin.com\/ko\/?s={search_term_string}\"},\"query-input\":{\"@type\":\"PropertyValueSpecification\",\"valueRequired\":true,\"valueName\":\"search_term_string\"}}],\"inLanguage\":\"ko-KR\"}]}<\/script>\n<!-- \/ Yoast SEO plugin. -->","yoast_head_json":{"title":"Sweat R\u00e9sistant & Naturel - Pierre &amp; Antonin","robots":{"index":"index","follow":"follow","max-snippet":"max-snippet:-1","max-image-preview":"max-image-preview:large","max-video-preview":"max-video-preview:-1"},"canonical":"https:\/\/pierre-antonin.com\/ko\/produit\/sweat-resistant-naturel\/","og_locale":"ko_KR","og_type":"article","og_title":"Sweat R\u00e9sistant & Naturel - Pierre &amp; Antonin","og_description":"Chez Pierre &amp; Antonin, on d\u00e9fend depuis le d\u00e9but une autre mani\u00e8re de faire du vin : des c\u00e9pages r\u00e9sistants, du bio, du naturel, et du bon sens.Ce sweat R\u00e9sistant &amp; Naturel, imagin\u00e9 en collaboration avec la marque 64, est la traduction textile de cet engagement !","og_url":"https:\/\/pierre-antonin.com\/ko\/produit\/sweat-resistant-naturel\/","og_site_name":"Pierre &amp; Antonin","twitter_card":"summary_large_image","schema":{"@context":"https:\/\/schema.org","@graph":[{"@type":"WebPage","@id":"https:\/\/pierre-antonin.com\/ko\/produit\/sweat-resistant-naturel\/","url":"https:\/\/pierre-antonin.com\/ko\/produit\/sweat-resistant-naturel\/","name":"Sweat R\u00e9sistant & Naturel - Pierre &amp; Antonin","isPartOf":{"@id":"https:\/\/pierre-antonin.com\/ko\/#website"},"primaryImageOfPage":{"@id":"https:\/\/pierre-antonin.com\/ko\/produit\/sweat-resistant-naturel\/#primaryimage"},"image":{"@id":"https:\/\/pierre-antonin.com\/ko\/produit\/sweat-resistant-naturel\/#primaryimage"},"thumbnailUrl":"https:\/\/pierre-antonin.com\/wp-content\/uploads\/2026\/01\/Boutique-Pierre-Antonin-images-produit-1.png","datePublished":"2026-02-04T15:01:13+00:00","breadcrumb":{"@id":"https:\/\/pierre-antonin.com\/ko\/produit\/sweat-resistant-naturel\/#breadcrumb"},"inLanguage":"ko-KR","potentialAction":[{"@type":"ReadAction","target":["https:\/\/pierre-antonin.com\/ko\/produit\/sweat-resistant-naturel\/"]}]},{"@type":"ImageObject","inLanguage":"ko-KR","@id":"https:\/\/pierre-antonin.com\/ko\/produit\/sweat-resistant-naturel\/#primaryimage","url":"https:\/\/pierre-antonin.com\/wp-content\/uploads\/2026\/01\/Boutique-Pierre-Antonin-images-produit-1.png","contentUrl":"https:\/\/pierre-antonin.com\/wp-content\/uploads\/2026\/01\/Boutique-Pierre-Antonin-images-produit-1.png","width":1500,"height":1500},{"@type":"BreadcrumbList","@id":"https:\/\/pierre-antonin.com\/ko\/produit\/sweat-resistant-naturel\/#breadcrumb","itemListElement":[{"@type":"ListItem","position":1,"name":"\ud648","item":"https:\/\/pierre-antonin.com\/ko\/%ed%99%88\/"},{"@type":"ListItem","position":2,"name":"\uc1fc\ud551","item":"https:\/\/pierre-antonin.com\/boutique\/"},{"@type":"ListItem","position":3,"name":"Sweat R\u00e9sistant &#038; Naturel"}]},{"@type":"WebSite","@id":"https:\/\/pierre-antonin.com\/ko\/#website","url":"https:\/\/pierre-antonin.com\/ko\/","name":"Pierre & Antonin","description":"","potentialAction":[{"@type":"SearchAction","target":{"@type":"EntryPoint","urlTemplate":"https:\/\/pierre-antonin.com\/ko\/?s={search_term_string}"},"query-input":{"@type":"PropertyValueSpecification","valueRequired":true,"valueName":"search_term_string"}}],"inLanguage":"ko-KR"}]}},"_links":{"self":[{"href":"https:\/\/pierre-antonin.com\/ko\/wp-json\/wp\/v2\/product\/3545","targetHints":{"allow":["GET"]}}],"collection":[{"href":"https:\/\/pierre-antonin.com\/ko\/wp-json\/wp\/v2\/product"}],"about":[{"href":"https:\/\/pierre-antonin.com\/ko\/wp-json\/wp\/v2\/types\/product"}],"version-history":[{"count":0,"href":"https:\/\/pierre-antonin.com\/ko\/wp-json\/wp\/v2\/product\/3545\/revisions"}],"wp:featuredmedia":[{"embeddable":true,"href":"https:\/\/pierre-antonin.com\/ko\/wp-json\/wp\/v2\/media\/3421"}],"wp:attachment":[{"href":"https:\/\/pierre-antonin.com\/ko\/wp-json\/wp\/v2\/media?parent=3545"}],"wp:term":[{"taxonomy":"product_brand","embeddable":true,"href":"https:\/\/pierre-antonin.com\/ko\/wp-json\/wp\/v2\/product_brand?post=3545"},{"taxonomy":"product_cat","embeddable":true,"href":"https:\/\/pierre-antonin.com\/ko\/wp-json\/wp\/v2\/product_cat?post=3545"},{"taxonomy":"product_tag","embeddable":true,"href":"https:\/\/pierre-antonin.com\/ko\/wp-json\/wp\/v2\/product_tag?post=3545"}],"curies":[{"name":"wp","href":"https:\/\/api.w.org\/{rel}","templated":true}]}}